{"id":26,"date":"2025-11-12T19:33:46","date_gmt":"2025-11-12T19:33:46","guid":{"rendered":"https:\/\/elinakivinukk.ee\/broneering\/"},"modified":"2025-12-07T15:31:02","modified_gmt":"2025-12-07T15:31:02","slug":"broneering","status":"publish","type":"page","link":"https:\/\/elinakivinukk.ee\/en\/broneering\/","title":{"rendered":"Contact"},"content":{"rendered":"<div class=\"wp-block-cover\" style=\"min-height:210px;aspect-ratio:unset;\"><img loading=\"lazy\" decoding=\"async\" width=\"1024\" height=\"768\" class=\"wp-block-cover__image-background wp-image-147 size-large\" alt=\"\" src=\"https:\/\/elinakivinukk.ee\/wp-content\/uploads\/2025\/12\/allie-reefer-rAoQn6kwv64-unsplash-1024x768.jpg\" data-object-fit=\"cover\" srcset=\"https:\/\/elinakivinukk.ee\/wp-content\/uploads\/2025\/12\/allie-reefer-rAoQn6kwv64-unsplash-1024x768.jpg 1024w, https:\/\/elinakivinukk.ee\/wp-content\/uploads\/2025\/12\/allie-reefer-rAoQn6kwv64-unsplash-300x225.jpg 300w, https:\/\/elinakivinukk.ee\/wp-content\/uploads\/2025\/12\/allie-reefer-rAoQn6kwv64-unsplash-768x576.jpg 768w, https:\/\/elinakivinukk.ee\/wp-content\/uploads\/2025\/12\/allie-reefer-rAoQn6kwv64-unsplash-1536x1152.jpg 1536w, https:\/\/elinakivinukk.ee\/wp-content\/uploads\/2025\/12\/allie-reefer-rAoQn6kwv64-unsplash-2048x1536.jpg 2048w\" sizes=\"auto, (max-width: 1024px) 100vw, 1024px\" \/><span aria-hidden=\"true\" class=\"wp-block-cover__background has-background-dim\" style=\"background-color:#510c14\"><\/span><div class=\"wp-block-cover__inner-container is-layout-flow wp-block-cover-is-layout-flow\">\n<p class=\"has-text-align-center has-large-font-size\"><\/p>\n<\/div><\/div>\n\n\n\n<p><\/p>\n\n\n\n<p>There are several ways to contact:<\/p>\n\n\n\n<ul class=\"wp-block-list\">\n<li>E-post kivinukk@gmail.com<\/li>\n\n\n\n<li><a href=\"https:\/\/www.linkedin.com\/in\/elinakivinukk\/\" target=\"_blank\" rel=\"noopener\" title=\"\">LinkedIn<\/a><\/li>\n\n\n\n<li><a href=\"https:\/\/www.facebook.com\/elina.kivinukk\" target=\"_blank\" rel=\"noopener\" title=\"\">Facebook Messenger<\/a><\/li>\n\n\n\n<li><a href=\"https:\/\/www.instagram.com\/artists_psychologist\" target=\"_blank\" rel=\"noopener\" title=\"\">Instagram<\/a><\/li>\n<\/ul>\n\n\n\n<div class=\"inherit-container-width wp-block-group alignfull has-background-background-color has-background is-layout-constrained wp-container-core-group-is-layout-fb85e995 wp-block-group-is-layout-constrained\" id=\"broneeri-n\u00fc\u00fcd\" style=\"margin-top:0;margin-bottom:0;padding-top:var(--wp--preset--spacing--60);padding-right:var(--wp--preset--spacing--30);padding-bottom:var(--wp--preset--spacing--60);padding-left:var(--wp--preset--spacing--30)\">\n<div class=\"wp-block-group alignwide has-tertiary-background-color has-background is-layout-constrained wp-container-core-group-is-layout-4343b810 wp-block-group-is-layout-constrained\" style=\"border-radius:2rem;padding-top:var(--wp--preset--spacing--50);padding-right:var(--wp--preset--spacing--50);padding-bottom:var(--wp--preset--spacing--50);padding-left:var(--wp--preset--spacing--50)\">\n<div class=\"wp-block-group is-layout-constrained wp-block-group-is-layout-constrained\">\n<h2 class=\"wp-block-heading has-text-align-center has-large-font-size\">Teeme tutvumisk\u00f5ne<\/h2>\n\n\n\n<p class=\"has-text-align-center\" style=\"margin-top:16px\">In case you are interested in counselling, let\u2019s meet for a short intake meeting (15-30 minutes for free via Google Meets).&nbsp;<\/p>\n\n\n\n<p class=\"has-text-align-center\" style=\"margin-top:16px\">In case you are interested in counselling, let&#8217;s meet for a short intake meeting (15-30 minutes for free via Google Meets).<\/p>\n<\/div>\n\n\n\n<div class=\"wp-block-group alignwide is-layout-flow wp-block-group-is-layout-flow\">\n<!-- Google Calendar Appointment Scheduling begin -->\n<iframe loading=\"lazy\" src=\"https:\/\/calendar.google.com\/calendar\/appointments\/schedules\/AcZssZ0UNdR0yjnW-x1YFkqUh-SMDVbdCZc3kytYtGDDAjsNdXvWC3A4qwCtIrSMxwx1FB74kYMqL-g7?gv=true\" style=\"border: 0\" width=\"100%\" height=\"600\" frameborder=\"0\"><\/iframe>\n<!-- end Google Calendar Appointment Scheduling -->\n<\/div>\n<\/div>\n<\/div>","protected":false},"excerpt":{"rendered":"<p>Mitmel moel v\u00f5ib \u00fchendust v\u00f5tta: Teeme tutvumisk\u00f5ne Kui oled n\u00f5ustamisest huvitatud, teen ettepaneku tasuta kohtumiseks 15-30 minutit veebi teel, et [&hellip;]<\/p>\n","protected":false},"author":1,"featured_media":0,"parent":0,"menu_order":0,"comment_status":"closed","ping_status":"closed","template":"","meta":{"site-sidebar-layout":"default","site-content-layout":"","ast-site-content-layout":"default","site-content-style":"default","site-sidebar-style":"default","ast-global-header-display":"","ast-banner-title-visibility":"","ast-main-header-display":"","ast-hfb-above-header-display":"","ast-hfb-below-header-display":"","ast-hfb-mobile-header-display":"","site-post-title":"","ast-breadcrumbs-content":"","ast-featured-img":"","footer-sml-layout":"","ast-disable-related-posts":"","theme-transparent-header-meta":"","adv-header-id-meta":"","stick-header-meta":"","header-above-stick-meta":"","header-main-stick-meta":"","header-below-stick-meta":"","astra-migrate-meta-layouts":"default","ast-page-background-enabled":"default","ast-page-background-meta":{"desktop":{"background-color":"var(--ast-global-color-5)","background-image":"","background-repeat":"repeat","background-position":"center center","background-size":"auto","background-attachment":"scroll","background-type":"","background-media":"","overlay-type":"","overlay-color":"","overlay-opacity":"","overlay-gradient":""},"tablet":{"background-color":"","background-image":"","background-repeat":"repeat","background-position":"center center","background-size":"auto","background-attachment":"scroll","background-type":"","background-media":"","overlay-type":"","overlay-color":"","overlay-opacity":"","overlay-gradient":""},"mobile":{"background-color":"","background-image":"","background-repeat":"repeat","background-position":"center center","background-size":"auto","background-attachment":"scroll","background-type":"","background-media":"","overlay-type":"","overlay-color":"","overlay-opacity":"","overlay-gradient":""}},"ast-content-background-meta":{"desktop":{"background-color":"var(--ast-global-color-4)","background-image":"","background-repeat":"repeat","background-position":"center center","background-size":"auto","background-attachment":"scroll","background-type":"","background-media":"","overlay-type":"","overlay-color":"","overlay-opacity":"","overlay-gradient":""},"tablet":{"background-color":"var(--ast-global-color-4)","background-image":"","background-repeat":"repeat","background-position":"center center","background-size":"auto","background-attachment":"scroll","background-type":"","background-media":"","overlay-type":"","overlay-color":"","overlay-opacity":"","overlay-gradient":""},"mobile":{"background-color":"var(--ast-global-color-4)","background-image":"","background-repeat":"repeat","background-position":"center center","background-size":"auto","background-attachment":"scroll","background-type":"","background-media":"","overlay-type":"","overlay-color":"","overlay-opacity":"","overlay-gradient":""}},"footnotes":""},"class_list":["post-26","page","type-page","status-publish","hentry"],"aioseo_notices":[],"_links":{"self":[{"href":"https:\/\/elinakivinukk.ee\/en\/wp-json\/wp\/v2\/pages\/26","targetHints":{"allow":["GET"]}}],"collection":[{"href":"https:\/\/elinakivinukk.ee\/en\/wp-json\/wp\/v2\/pages"}],"about":[{"href":"https:\/\/elinakivinukk.ee\/en\/wp-json\/wp\/v2\/types\/page"}],"author":[{"embeddable":true,"href":"https:\/\/elinakivinukk.ee\/en\/wp-json\/wp\/v2\/users\/1"}],"replies":[{"embeddable":true,"href":"https:\/\/elinakivinukk.ee\/en\/wp-json\/wp\/v2\/comments?post=26"}],"version-history":[{"count":9,"href":"https:\/\/elinakivinukk.ee\/en\/wp-json\/wp\/v2\/pages\/26\/revisions"}],"predecessor-version":[{"id":148,"href":"https:\/\/elinakivinukk.ee\/en\/wp-json\/wp\/v2\/pages\/26\/revisions\/148"}],"wp:attachment":[{"href":"https:\/\/elinakivinukk.ee\/en\/wp-json\/wp\/v2\/media?parent=26"}],"curies":[{"name":"wp","href":"https:\/\/api.w.org\/{rel}","templated":true}]}}