{"id":28,"date":"2025-11-12T19:33:47","date_gmt":"2025-11-12T19:33:47","guid":{"rendered":"https:\/\/elinakivinukk.ee\/teenused\/"},"modified":"2025-12-07T15:20:18","modified_gmt":"2025-12-07T15:20:18","slug":"teenused","status":"publish","type":"page","link":"https:\/\/elinakivinukk.ee\/en\/teenused\/","title":{"rendered":"Meetings"},"content":{"rendered":"<div class=\"wp-block-cover\" style=\"min-height:181px;aspect-ratio:unset;\"><img loading=\"lazy\" decoding=\"async\" width=\"1024\" height=\"683\" class=\"wp-block-cover__image-background wp-image-94 size-large\" alt=\"\" src=\"https:\/\/elinakivinukk.ee\/wp-content\/uploads\/2025\/11\/ambitious-studio-rick-barrett-HnUHOBuJ7s4-unsplash-1024x683.jpg\" data-object-fit=\"cover\" srcset=\"https:\/\/elinakivinukk.ee\/wp-content\/uploads\/2025\/11\/ambitious-studio-rick-barrett-HnUHOBuJ7s4-unsplash-1024x683.jpg 1024w, https:\/\/elinakivinukk.ee\/wp-content\/uploads\/2025\/11\/ambitious-studio-rick-barrett-HnUHOBuJ7s4-unsplash-300x200.jpg 300w, https:\/\/elinakivinukk.ee\/wp-content\/uploads\/2025\/11\/ambitious-studio-rick-barrett-HnUHOBuJ7s4-unsplash-768x512.jpg 768w, https:\/\/elinakivinukk.ee\/wp-content\/uploads\/2025\/11\/ambitious-studio-rick-barrett-HnUHOBuJ7s4-unsplash-1536x1024.jpg 1536w, https:\/\/elinakivinukk.ee\/wp-content\/uploads\/2025\/11\/ambitious-studio-rick-barrett-HnUHOBuJ7s4-unsplash-2048x1365.jpg 2048w\" sizes=\"auto, (max-width: 1024px) 100vw, 1024px\" \/><span aria-hidden=\"true\" class=\"wp-block-cover__background has-background-dim\" style=\"background-color:#bf415b\"><\/span><div class=\"wp-block-cover__inner-container is-layout-constrained wp-block-cover-is-layout-constrained\">\n<p class=\"has-text-align-center has-large-font-size\"><\/p>\n<\/div><\/div>\n\n\n\n<div class=\"inherit-container-width wp-block-group alignfull has-background-background-color has-background is-layout-constrained wp-container-core-group-is-layout-7276a2bb wp-block-group-is-layout-constrained\" id=\"kkk\" style=\"margin-top:0;margin-bottom:0;padding-top:var(--wp--preset--spacing--60);padding-right:var(--wp--preset--spacing--30);padding-bottom:var(--wp--preset--spacing--60);padding-left:var(--wp--preset--spacing--30)\">\n<div class=\"wp-block-columns alignwide is-layout-flex wp-container-core-columns-is-layout-714d85e9 wp-block-columns-is-layout-flex\">\n<div class=\"wp-block-column is-layout-flow wp-block-column-is-layout-flow\" style=\"flex-basis:33.33%\">\n<h2 class=\"wp-block-heading\">Sports and Performance Psychology<\/h2>\n\n\n\n<p style=\"margin-top:16px\">The fee for individual meetings is 80eur\/time, payment is preferably made in advance to the entrepreneur account, more detailed information will be provided when arranging the meeting. It is also possible to submit an invoice as an entrepreneur.<\/p>\n<\/div>\n\n\n\n<div class=\"wp-block-column is-layout-flow wp-container-core-column-is-layout-f5bb311e wp-block-column-is-layout-flow\" style=\"flex-basis:66.66%\">\n<div class=\"wp-block-group has-tertiary-background-color has-background is-layout-flow wp-block-group-is-layout-flow\" style=\"border-radius:1rem;padding-top:var(--wp--preset--spacing--30);padding-right:var(--wp--preset--spacing--30);padding-bottom:var(--wp--preset--spacing--30);padding-left:var(--wp--preset--spacing--30)\">\n<h4 class=\"wp-block-heading has-medium-font-size\">Meeting with a psychologist<\/h4>\n\n\n\n<p class=\"has-small-font-size\" style=\"margin-top:12px\">Meetings are private and confidential. The meetings focus on the positive, possible new perspectives and the client's inner strengths and resources. I respect diversity in worldviews, religion, gender and sexual identity.<\/p>\n<\/div>\n\n\n\n<div class=\"wp-block-group has-tertiary-background-color has-background is-layout-flow wp-block-group-is-layout-flow\" style=\"border-radius:1rem;padding-top:var(--wp--preset--spacing--30);padding-right:var(--wp--preset--spacing--30);padding-bottom:var(--wp--preset--spacing--30);padding-left:var(--wp--preset--spacing--30)\">\n<h4 class=\"wp-block-heading has-medium-font-size\">How long does a counseling session usually last?<\/h4>\n\n\n\n<p class=\"has-small-font-size\" style=\"margin-top:12px\">To notice a change, it is recommended to hold several meetings (2-3 times lasting 50-60 minutes), a more precise work rhythm will be agreed upon at the first meeting.<\/p>\n<\/div>\n\n\n\n<div class=\"wp-block-group has-tertiary-background-color has-background is-layout-flow wp-block-group-is-layout-flow\" style=\"border-radius:1rem;padding-top:var(--wp--preset--spacing--30);padding-right:var(--wp--preset--spacing--30);padding-bottom:var(--wp--preset--spacing--30);padding-left:var(--wp--preset--spacing--30)\">\n<h4 class=\"wp-block-heading has-medium-font-size\">Can I use the family doctor's therapy fund?<\/h4>\n\n\n\n<p class=\"has-small-font-size\" style=\"margin-top:12px\">I do not have a clinical psychologist qualification (to be able to use the family doctor's therapy fund). I am not certified to diagnose mental health disorders, but may refer to appropriate contacts.<\/p>\n<\/div>\n<\/div>\n<\/div>\n<\/div>\n\n\n\n<p><\/p>","protected":false},"excerpt":{"rendered":"<p>Spordi- ja esinemis-ps\u00fchholoogia Individuaalsete kohtumiste tasu on 80eur\/kord, tasumine toimub soovitavalt ettemaksena ettev\u00f5tluskontole, t\u00e4psem info antakse kohtumise kokkuleppimisel. V\u00f5imalik on [&hellip;]<\/p>\n","protected":false},"author":1,"featured_media":0,"parent":0,"menu_order":0,"comment_status":"closed","ping_status":"closed","template":"","meta":{"site-sidebar-layout":"default","site-content-layout":"","ast-site-content-layout":"default","site-content-style":"default","site-sidebar-style":"default","ast-global-header-display":"","ast-banner-title-visibility":"","ast-main-header-display":"","ast-hfb-above-header-display":"","ast-hfb-below-header-display":"","ast-hfb-mobile-header-display":"","site-post-title":"","ast-breadcrumbs-content":"","ast-featured-img":"","footer-sml-layout":"","ast-disable-related-posts":"","theme-transparent-header-meta":"","adv-header-id-meta":"","stick-header-meta":"","header-above-stick-meta":"","header-main-stick-meta":"","header-below-stick-meta":"","astra-migrate-meta-layouts":"default","ast-page-background-enabled":"default","ast-page-background-meta":{"desktop":{"background-color":"var(--ast-global-color-5)","background-image":"","background-repeat":"repeat","background-position":"center center","background-size":"auto","background-attachment":"scroll","background-type":"","background-media":"","overlay-type":"","overlay-color":"","overlay-opacity":"","overlay-gradient":""},"tablet":{"background-color":"","background-image":"","background-repeat":"repeat","background-position":"center center","background-size":"auto","background-attachment":"scroll","background-type":"","background-media":"","overlay-type":"","overlay-color":"","overlay-opacity":"","overlay-gradient":""},"mobile":{"background-color":"","background-image":"","background-repeat":"repeat","background-position":"center center","background-size":"auto","background-attachment":"scroll","background-type":"","background-media":"","overlay-type":"","overlay-color":"","overlay-opacity":"","overlay-gradient":""}},"ast-content-background-meta":{"desktop":{"background-color":"var(--ast-global-color-4)","background-image":"","background-repeat":"repeat","background-position":"center center","background-size":"auto","background-attachment":"scroll","background-type":"","background-media":"","overlay-type":"","overlay-color":"","overlay-opacity":"","overlay-gradient":""},"tablet":{"background-color":"var(--ast-global-color-4)","background-image":"","background-repeat":"repeat","background-position":"center center","background-size":"auto","background-attachment":"scroll","background-type":"","background-media":"","overlay-type":"","overlay-color":"","overlay-opacity":"","overlay-gradient":""},"mobile":{"background-color":"var(--ast-global-color-4)","background-image":"","background-repeat":"repeat","background-position":"center center","background-size":"auto","background-attachment":"scroll","background-type":"","background-media":"","overlay-type":"","overlay-color":"","overlay-opacity":"","overlay-gradient":""}},"footnotes":""},"class_list":["post-28","page","type-page","status-publish","hentry"],"aioseo_notices":[],"_links":{"self":[{"href":"https:\/\/elinakivinukk.ee\/en\/wp-json\/wp\/v2\/pages\/28","targetHints":{"allow":["GET"]}}],"collection":[{"href":"https:\/\/elinakivinukk.ee\/en\/wp-json\/wp\/v2\/pages"}],"about":[{"href":"https:\/\/elinakivinukk.ee\/en\/wp-json\/wp\/v2\/types\/page"}],"author":[{"embeddable":true,"href":"https:\/\/elinakivinukk.ee\/en\/wp-json\/wp\/v2\/users\/1"}],"replies":[{"embeddable":true,"href":"https:\/\/elinakivinukk.ee\/en\/wp-json\/wp\/v2\/comments?post=28"}],"version-history":[{"count":7,"href":"https:\/\/elinakivinukk.ee\/en\/wp-json\/wp\/v2\/pages\/28\/revisions"}],"predecessor-version":[{"id":140,"href":"https:\/\/elinakivinukk.ee\/en\/wp-json\/wp\/v2\/pages\/28\/revisions\/140"}],"wp:attachment":[{"href":"https:\/\/elinakivinukk.ee\/en\/wp-json\/wp\/v2\/media?parent=28"}],"curies":[{"name":"wp","href":"https:\/\/api.w.org\/{rel}","templated":true}]}}