{"id":29,"date":"2025-11-12T19:33:47","date_gmt":"2025-11-12T19:33:47","guid":{"rendered":"https:\/\/elinakivinukk.ee\/portfoolio\/"},"modified":"2025-11-17T19:57:19","modified_gmt":"2025-11-17T19:57:19","slug":"portfoolio","status":"publish","type":"page","link":"https:\/\/elinakivinukk.ee\/en\/portfoolio\/","title":{"rendered":"Portfolio"},"content":{"rendered":"<div class=\"wp-block-cover\" style=\"min-height:189px;aspect-ratio:unset;\"><img loading=\"lazy\" decoding=\"async\" width=\"1024\" height=\"768\" class=\"wp-block-cover__image-background wp-image-90 size-large\" alt=\"\" src=\"https:\/\/elinakivinukk.ee\/wp-content\/uploads\/2025\/11\/tyler-callahan-pcGLNRCICnA-unsplash-1024x768.jpg\" data-object-fit=\"cover\" srcset=\"https:\/\/elinakivinukk.ee\/wp-content\/uploads\/2025\/11\/tyler-callahan-pcGLNRCICnA-unsplash-1024x768.jpg 1024w, https:\/\/elinakivinukk.ee\/wp-content\/uploads\/2025\/11\/tyler-callahan-pcGLNRCICnA-unsplash-300x225.jpg 300w, https:\/\/elinakivinukk.ee\/wp-content\/uploads\/2025\/11\/tyler-callahan-pcGLNRCICnA-unsplash-768x576.jpg 768w, https:\/\/elinakivinukk.ee\/wp-content\/uploads\/2025\/11\/tyler-callahan-pcGLNRCICnA-unsplash-1536x1152.jpg 1536w, https:\/\/elinakivinukk.ee\/wp-content\/uploads\/2025\/11\/tyler-callahan-pcGLNRCICnA-unsplash-2048x1536.jpg 2048w\" sizes=\"auto, (max-width: 1024px) 100vw, 1024px\" \/><span aria-hidden=\"true\" class=\"wp-block-cover__background has-background-dim\" style=\"background-color:#664a38\"><\/span><div class=\"wp-block-cover__inner-container is-layout-constrained wp-block-cover-is-layout-constrained\">\n<p class=\"has-text-align-center has-large-font-size\"><\/p>\n<\/div><\/div>\n\n\n\n<div class=\"inherit-container-width wp-block-group alignfull has-background-background-color has-background is-layout-constrained wp-container-core-group-is-layout-254d6575 wp-block-group-is-layout-constrained\" id=\"portfoolio\" style=\"margin-top:0;margin-bottom:0;padding-top:var(--wp--preset--spacing--60);padding-right:var(--wp--preset--spacing--30);padding-bottom:var(--wp--preset--spacing--60);padding-left:var(--wp--preset--spacing--30)\">\n<div class=\"wp-block-group alignwide is-vertical is-layout-flex wp-container-core-group-is-layout-c509e09b wp-block-group-is-layout-flex\" style=\"margin-bottom:var(--wp--preset--spacing--50)\">\n<div class=\"wp-block-group alignwide is-content-justification-left is-layout-constrained wp-container-core-group-is-layout-8b4c372c wp-block-group-is-layout-constrained\">\n<h2 class=\"wp-block-heading has-large-font-size\">Experience<\/h2>\n\n\n\n<ul class=\"wp-block-list\">\n<li>2019 \u2013 2025 Psychologist and Equal Treatment Officer at the Estonian Academy of Music and Theatre (also offering performance psychological support)<\/li>\n<\/ul>\n\n\n\n<ul class=\"wp-block-list\">\n<li>February 2025 - Sports psychological counseling at the W75 Ladies Open Tennis Tournament (Altenkirchen, Germany)<\/li>\n<\/ul>\n\n\n\n<ul class=\"wp-block-list\">\n<li>February 2024 - Sports psychological counseling at the W75 Ladies Open Tennis Tournament (Altenkirchen, Germany)<\/li>\n<\/ul>\n\n\n\n<ul class=\"wp-block-list\">\n<li>Summer-Autumn 2023 - project-based (sports) psychological counseling for the residents of Kohtla-J\u00e4rve (Estonia)<\/li>\n<\/ul>\n\n\n\n<ul class=\"wp-block-list\">\n<li>Private consultations and delivering seminars about sports and performance psychology<\/li>\n<\/ul>\n<\/div>\n<\/div>\n<\/div>\n\n\n\n<div class=\"inherit-container-width wp-block-group alignfull has-background-background-color has-background is-layout-constrained wp-container-core-group-is-layout-254d6575 wp-block-group-is-layout-constrained\" id=\"portfoolio\" style=\"margin-top:0;margin-bottom:0;padding-top:var(--wp--preset--spacing--60);padding-right:var(--wp--preset--spacing--30);padding-bottom:var(--wp--preset--spacing--60);padding-left:var(--wp--preset--spacing--30)\">\n<div class=\"wp-block-group alignwide is-vertical is-layout-flex wp-container-core-group-is-layout-c509e09b wp-block-group-is-layout-flex\" style=\"margin-bottom:var(--wp--preset--spacing--50)\">\n<div class=\"wp-block-group alignwide is-content-justification-left is-layout-constrained wp-container-core-group-is-layout-8b4c372c wp-block-group-is-layout-constrained\">\n<h2 class=\"wp-block-heading has-large-font-size\">Media<\/h2>\n\n\n\n<ul class=\"wp-block-list\">\n<li>Vikerraadio saade <a href=\"https:\/\/vikerraadio.err.ee\/1609758149\/me-oleme-tsempionid-elina-kivinukk\">Me oleme t\u0161empionid<\/a><\/li>\n<\/ul>\n\n\n\n<ul class=\"wp-block-list\">\n<li>Artikkel Delfi Sport portaalis <a href=\"https:\/\/sport.delfi.ee\/artikkel\/120386253\/suur-lugu-nahtamatud-naistreenerid-helen-nelis-naukas-tipus-on-meestel-eelis\">N\u00e4htamatud naistreenerid<\/a><\/li>\n<\/ul>\n\n\n\n<ul class=\"wp-block-list\">\n<li>Artikkel <a href=\"https:\/\/www.temuki.ee\/2025\/04\/kolm-vaadet-esinemisarevusele\/\">Kolm vaadet esinemis\u00e4revusele<\/a> (ajakiri Teater.Muusika.Kino)<\/li>\n<\/ul>\n\n\n\n<ul class=\"wp-block-list\">\n<li><a href=\"https:\/\/youtu.be\/CfINAqY2rFg?si=KpW3K5EbBJZ5PdlB\">Harjumuste loomine<\/a> (video tegi Peaasi.ee)<\/li>\n<\/ul>\n\n\n\n<ul class=\"wp-block-list\">\n<li><a href=\"https:\/\/www.ted.com\/talks\/elina_kivinukk_kuidas_kuulata\">TedX Talk \"How to Listen Well\"<\/a> (TEDxTallinnSalon k\u00f5ne)<\/li>\n<\/ul>\n\n\n\n<ul class=\"wp-block-list\">\n<li><a href=\"https:\/\/epl.delfi.ee\/artikkel\/120146330\/elina-kivinukk-spordis-tantsus-teatris-ja-muusikas-on-vaarkohtlemine-veidi-teistsugune\">V\u00e4\u00e4rkohtlemisest spordis, muusikas, teatris &#8230;<\/a>(arvamuslugu Eesti P\u00e4evalehes)<\/li>\n<\/ul>\n\n\n\n<ul class=\"wp-block-list\">\n<li><a href=\"https:\/\/tervisemuuseum.ee\/sunaps-78-esinemisarevus-purunenud-unistused-ja-vastutustundlik-juhendamine\/\">Taskuh\u00e4\u00e4lingus S\u00fcnaps esinemis\u00e4revusest<\/a><\/li>\n<\/ul>\n\n\n\n<ul class=\"wp-block-list\">\n<li><a href=\"https:\/\/vikerraadio.err.ee\/1608395588\/peresaade-kui-laps-ei-taha-trenni-minna.\">Kui laps ei taha trenni minna &#8230;<\/a> (Peresaade Vikerraadios)<\/li>\n<\/ul>\n<\/div>\n<\/div>\n<\/div>\n\n\n\n<div class=\"inherit-container-width wp-block-group alignfull has-background-background-color has-background is-layout-constrained wp-container-core-group-is-layout-254d6575 wp-block-group-is-layout-constrained\" id=\"portfoolio\" style=\"margin-top:0;margin-bottom:0;padding-top:var(--wp--preset--spacing--60);padding-right:var(--wp--preset--spacing--30);padding-bottom:var(--wp--preset--spacing--60);padding-left:var(--wp--preset--spacing--30)\">\n<div class=\"wp-block-group alignwide is-vertical is-layout-flex wp-container-core-group-is-layout-c509e09b wp-block-group-is-layout-flex\" style=\"margin-bottom:var(--wp--preset--spacing--50)\">\n<div class=\"wp-block-group alignwide is-content-justification-left is-layout-constrained wp-container-core-group-is-layout-8b4c372c wp-block-group-is-layout-constrained\">\n<h2 class=\"wp-block-heading has-large-font-size\">Resources<\/h2>\n\n\n\n<p style=\"margin-top:16px\">Koost\u00f6\u00f6s kirjastusega Maurus olen koostanud spordips\u00fchholoogia t\u00f6\u00f6vihiku &#8220;Tere tulemust!&#8221;. T\u00f6\u00f6vihiku \u00fclesanded aitavad m\u00f5testada motivatsiooni, seada eesm\u00e4rke, panna t\u00e4hele oma sisek\u00f5net, visualiseerida unistusi. Aga teemasid ja m\u00f5tisklusk\u00fcsimusi on laiemaltki. T\u00f6\u00f6vihik on seotud riikliku ainekavaga.<\/p>\n\n\n\n<p><a href=\"https:\/\/tellimine.kirjastusmaurus.ee\/et\/a\/tere-tulemust-spordipsuhholoogia-toovihik-noorsportlasele\">Tellimine ja lisainfo siit<\/a><\/p>\n\n\n\n<p style=\"margin-top:16px\">Selection of worksheets to support self-reflection for (Christian) athletes and musicians is available <a href=\"https:\/\/www.buymeacoffee.com\/kivinukk\">https:\/\/www.buymeacoffee.com\/kivinukk<\/a><\/p>\n<\/div>\n<\/div>\n<\/div>","protected":false},"excerpt":{"rendered":"<p>Kogemuste kogum S\u00f5nav\u00f5tud Materjalid Koost\u00f6\u00f6s kirjastusega Maurus olen koostanud spordips\u00fchholoogia t\u00f6\u00f6vihiku &#8220;Tere tulemust!&#8221;. T\u00f6\u00f6vihiku \u00fclesanded aitavad m\u00f5testada motivatsiooni, seada eesm\u00e4rke, [&hellip;]<\/p>\n","protected":false},"author":1,"featured_media":0,"parent":0,"menu_order":0,"comment_status":"closed","ping_status":"closed","template":"","meta":{"site-sidebar-layout":"default","site-content-layout":"","ast-site-content-layout":"default","site-content-style":"default","site-sidebar-style":"default","ast-global-header-display":"","ast-banner-title-visibility":"","ast-main-header-display":"","ast-hfb-above-header-display":"","ast-hfb-below-header-display":"","ast-hfb-mobile-header-display":"","site-post-title":"","ast-breadcrumbs-content":"","ast-featured-img":"","footer-sml-layout":"","ast-disable-related-posts":"","theme-transparent-header-meta":"","adv-header-id-meta":"","stick-header-meta":"","header-above-stick-meta":"","header-main-stick-meta":"","header-below-stick-meta":"","astra-migrate-meta-layouts":"default","ast-page-background-enabled":"default","ast-page-background-meta":{"desktop":{"background-color":"var(--ast-global-color-5)","background-image":"","background-repeat":"repeat","background-position":"center center","background-size":"auto","background-attachment":"scroll","background-type":"","background-media":"","overlay-type":"","overlay-color":"","overlay-opacity":"","overlay-gradient":""},"tablet":{"background-color":"","background-image":"","background-repeat":"repeat","background-position":"center center","background-size":"auto","background-attachment":"scroll","background-type":"","background-media":"","overlay-type":"","overlay-color":"","overlay-opacity":"","overlay-gradient":""},"mobile":{"background-color":"","background-image":"","background-repeat":"repeat","background-position":"center center","background-size":"auto","background-attachment":"scroll","background-type":"","background-media":"","overlay-type":"","overlay-color":"","overlay-opacity":"","overlay-gradient":""}},"ast-content-background-meta":{"desktop":{"background-color":"var(--ast-global-color-4)","background-image":"","background-repeat":"repeat","background-position":"center center","background-size":"auto","background-attachment":"scroll","background-type":"","background-media":"","overlay-type":"","overlay-color":"","overlay-opacity":"","overlay-gradient":""},"tablet":{"background-color":"var(--ast-global-color-4)","background-image":"","background-repeat":"repeat","background-position":"center center","background-size":"auto","background-attachment":"scroll","background-type":"","background-media":"","overlay-type":"","overlay-color":"","overlay-opacity":"","overlay-gradient":""},"mobile":{"background-color":"var(--ast-global-color-4)","background-image":"","background-repeat":"repeat","background-position":"center center","background-size":"auto","background-attachment":"scroll","background-type":"","background-media":"","overlay-type":"","overlay-color":"","overlay-opacity":"","overlay-gradient":""}},"footnotes":""},"class_list":["post-29","page","type-page","status-publish","hentry"],"aioseo_notices":[],"_links":{"self":[{"href":"https:\/\/elinakivinukk.ee\/en\/wp-json\/wp\/v2\/pages\/29","targetHints":{"allow":["GET"]}}],"collection":[{"href":"https:\/\/elinakivinukk.ee\/en\/wp-json\/wp\/v2\/pages"}],"about":[{"href":"https:\/\/elinakivinukk.ee\/en\/wp-json\/wp\/v2\/types\/page"}],"author":[{"embeddable":true,"href":"https:\/\/elinakivinukk.ee\/en\/wp-json\/wp\/v2\/users\/1"}],"replies":[{"embeddable":true,"href":"https:\/\/elinakivinukk.ee\/en\/wp-json\/wp\/v2\/comments?post=29"}],"version-history":[{"count":6,"href":"https:\/\/elinakivinukk.ee\/en\/wp-json\/wp\/v2\/pages\/29\/revisions"}],"predecessor-version":[{"id":136,"href":"https:\/\/elinakivinukk.ee\/en\/wp-json\/wp\/v2\/pages\/29\/revisions\/136"}],"wp:attachment":[{"href":"https:\/\/elinakivinukk.ee\/en\/wp-json\/wp\/v2\/media?parent=29"}],"curies":[{"name":"wp","href":"https:\/\/api.w.org\/{rel}","templated":true}]}}