{"id":31,"date":"2025-11-12T19:33:48","date_gmt":"2025-11-12T19:33:48","guid":{"rendered":"https:\/\/elinakivinukk.ee\/avaleht\/"},"modified":"2025-11-17T19:58:41","modified_gmt":"2025-11-17T19:58:41","slug":"avaleht","status":"publish","type":"page","link":"https:\/\/elinakivinukk.ee\/en\/","title":{"rendered":"Home Page"},"content":{"rendered":"<div class=\"wp-block-group alignfull has-background-background-color has-background is-layout-flow wp-block-group-is-layout-flow\" style=\"margin-top:0;margin-bottom:0;padding-top:0;padding-right:var(--wp--preset--spacing--30);padding-bottom:var(--wp--preset--spacing--30);padding-left:var(--wp--preset--spacing--30)\">\n<div class=\"wp-block-cover\" style=\"border-radius:1.5rem;padding-top:var(--wp--preset--spacing--60);padding-bottom:var(--wp--preset--spacing--60);min-height:294px;aspect-ratio:unset;\"><img loading=\"lazy\" decoding=\"async\" width=\"1024\" height=\"682\" class=\"wp-block-cover__image-background wp-image-81 size-large\" alt=\"\" src=\"https:\/\/elinakivinukk.ee\/wp-content\/uploads\/2025\/11\/paolo-chiabrando-G16kFHYvCoQ-unsplash-1-1024x682.jpg\" data-object-fit=\"cover\" srcset=\"https:\/\/elinakivinukk.ee\/wp-content\/uploads\/2025\/11\/paolo-chiabrando-G16kFHYvCoQ-unsplash-1-1024x682.jpg 1024w, https:\/\/elinakivinukk.ee\/wp-content\/uploads\/2025\/11\/paolo-chiabrando-G16kFHYvCoQ-unsplash-1-300x200.jpg 300w, https:\/\/elinakivinukk.ee\/wp-content\/uploads\/2025\/11\/paolo-chiabrando-G16kFHYvCoQ-unsplash-1-768x512.jpg 768w, https:\/\/elinakivinukk.ee\/wp-content\/uploads\/2025\/11\/paolo-chiabrando-G16kFHYvCoQ-unsplash-1-1536x1023.jpg 1536w, https:\/\/elinakivinukk.ee\/wp-content\/uploads\/2025\/11\/paolo-chiabrando-G16kFHYvCoQ-unsplash-1-2048x1365.jpg 2048w\" sizes=\"auto, (max-width: 1024px) 100vw, 1024px\" \/><span aria-hidden=\"true\" class=\"wp-block-cover__background has-background-dim-70 has-background-dim\" style=\"background-color:#1e1e1e\"><\/span><div class=\"wp-block-cover__inner-container is-layout-constrained wp-container-core-cover-is-layout-80269287 wp-block-cover-is-layout-constrained\">\n<div class=\"wp-block-group alignwide has-text-color has-link-color wp-elements-f133f72b01bbd3ad1d9f2b1a46ecdbef is-layout-constrained wp-block-group-is-layout-constrained\" style=\"color:#f1f1f1\">\n<h1 class=\"wp-block-heading alignwide has-text-align-center\">Psychologist Elina Kivinukk<\/h1>\n<\/div>\n\n\n\n<div class=\"wp-block-buttons is-content-justification-center is-layout-flex wp-container-core-buttons-is-layout-9165764d wp-block-buttons-is-layout-flex\" style=\"margin-top:var(--wp--preset--spacing--30)\">\n<div class=\"wp-block-button\"><a class=\"wp-block-button__link has-text-color has-background has-link-color wp-element-button\" href=\"https:\/\/elinakivinukk.ee\/en\/broneering\/\" style=\"color:#1e1e1e;background-color:#f1f1f1\">Contacts<\/a><\/div>\n<\/div>\n<\/div><\/div>\n<\/div>\n\n\n\n<div class=\"wp-block-columns is-layout-flex wp-container-core-columns-is-layout-28f84493 wp-block-columns-is-layout-flex\">\n<div class=\"wp-block-column is-layout-flow wp-block-column-is-layout-flow\" style=\"flex-basis:100%\">\n<div class=\"inherit-container-width wp-block-group alignwide has-tertiary-background-color has-background is-layout-constrained wp-container-core-group-is-layout-7276a2bb wp-block-group-is-layout-constrained\" id=\"meist\" style=\"margin-top:0;margin-bottom:0;padding-top:var(--wp--preset--spacing--60);padding-right:var(--wp--preset--spacing--30);padding-bottom:var(--wp--preset--spacing--60);padding-left:var(--wp--preset--spacing--30)\">\n<div class=\"wp-block-columns alignwide is-layout-flex wp-container-core-columns-is-layout-47c06fe3 wp-block-columns-is-layout-flex\">\n<div class=\"wp-block-column is-vertically-aligned-top is-layout-flow wp-container-core-column-is-layout-f5bb311e wp-block-column-is-layout-flow\" style=\"flex-basis:50%\">\n<figure class=\"wp-block-image aligncenter size-large is-resized has-custom-border\"><img loading=\"lazy\" decoding=\"async\" width=\"1024\" height=\"683\" src=\"https:\/\/elinakivinukk.ee\/wp-content\/uploads\/2025\/11\/yksildus_076_kalevlilleorg-1024x683.jpg\" alt=\"\" class=\"wp-image-78\" style=\"border-radius:1.5rem;aspect-ratio:1;object-fit:cover;width:239px;height:auto\" srcset=\"https:\/\/elinakivinukk.ee\/wp-content\/uploads\/2025\/11\/yksildus_076_kalevlilleorg-1024x683.jpg 1024w, https:\/\/elinakivinukk.ee\/wp-content\/uploads\/2025\/11\/yksildus_076_kalevlilleorg-300x200.jpg 300w, https:\/\/elinakivinukk.ee\/wp-content\/uploads\/2025\/11\/yksildus_076_kalevlilleorg-768x512.jpg 768w, https:\/\/elinakivinukk.ee\/wp-content\/uploads\/2025\/11\/yksildus_076_kalevlilleorg-1536x1024.jpg 1536w, https:\/\/elinakivinukk.ee\/wp-content\/uploads\/2025\/11\/yksildus_076_kalevlilleorg-2048x1365.jpg 2048w\" sizes=\"auto, (max-width: 1024px) 100vw, 1024px\" \/><figcaption class=\"wp-element-caption\">Photo credit: Kalev Lilleorg<\/figcaption><\/figure>\n<\/div>\n\n\n\n<div class=\"wp-block-column is-layout-flow wp-container-core-column-is-layout-119bc444 wp-block-column-is-layout-flow\" style=\"flex-basis:60%\">\n<h2 class=\"wp-block-heading\">Hello<\/h2>\n\n\n\n<p class=\"has-medium-font-size\" style=\"margin-top:16px\">As a psychologist, I mainly work with athletes, musicians, performers to enhance their self-esteem and their performance. As part of my working philosophy, I value people the most, I appreciate positive approach, reframing and good humour. I believe that good counselling needs to be evidence-based, but still applicable and inspiring.<\/p>\n\n\n\n<div class=\"wp-block-buttons is-content-justification-left is-layout-flex wp-container-core-buttons-is-layout-fc4fd283 wp-block-buttons-is-layout-flex\">\n<div class=\"wp-block-button is-style-outline is-style-outline--1\"><a class=\"wp-block-button__link wp-element-button\" href=\"https:\/\/elinakivinukk.ee\/en\/meist\/\">Learn more<\/a><\/div>\n<\/div>\n<\/div>\n<\/div>\n<\/div>\n<\/div>\n<\/div>","protected":false},"excerpt":{"rendered":"<p>Tere Toetan ps\u00fchholoogina peamiselt sportlasi, muusikuid, n\u00e4itlejaid, tantsijaid jt esinejaid. N\u00f5ustamisel v\u00e4\u00e4rtustan eelk\u00f5ige inimest, hindan positiivset l\u00e4henemist, t\u00e4henduslikku \u00fcmberm\u00f5testamist ning [&hellip;]<\/p>\n","protected":false},"author":1,"featured_media":0,"parent":0,"menu_order":0,"comment_status":"closed","ping_status":"closed","template":"","meta":{"site-sidebar-layout":"default","site-content-layout":"","ast-site-content-layout":"default","site-content-style":"default","site-sidebar-style":"default","ast-global-header-display":"","ast-banner-title-visibility":"","ast-main-header-display":"","ast-hfb-above-header-display":"","ast-hfb-below-header-display":"","ast-hfb-mobile-header-display":"","site-post-title":"","ast-breadcrumbs-content":"","ast-featured-img":"","footer-sml-layout":"","ast-disable-related-posts":"","theme-transparent-header-meta":"","adv-header-id-meta":"","stick-header-meta":"","header-above-stick-meta":"","header-main-stick-meta":"","header-below-stick-meta":"","astra-migrate-meta-layouts":"default","ast-page-background-enabled":"default","ast-page-background-meta":{"desktop":{"background-color":"var(--ast-global-color-5)","background-image":"","background-repeat":"repeat","background-position":"center center","background-size":"auto","background-attachment":"scroll","background-type":"","background-media":"","overlay-type":"","overlay-color":"","overlay-opacity":"","overlay-gradient":""},"tablet":{"background-color":"","background-image":"","background-repeat":"repeat","background-position":"center center","background-size":"auto","background-attachment":"scroll","background-type":"","background-media":"","overlay-type":"","overlay-color":"","overlay-opacity":"","overlay-gradient":""},"mobile":{"background-color":"","background-image":"","background-repeat":"repeat","background-position":"center center","background-size":"auto","background-attachment":"scroll","background-type":"","background-media":"","overlay-type":"","overlay-color":"","overlay-opacity":"","overlay-gradient":""}},"ast-content-background-meta":{"desktop":{"background-color":"var(--ast-global-color-4)","background-image":"","background-repeat":"repeat","background-position":"center center","background-size":"auto","background-attachment":"scroll","background-type":"","background-media":"","overlay-type":"","overlay-color":"","overlay-opacity":"","overlay-gradient":""},"tablet":{"background-color":"var(--ast-global-color-4)","background-image":"","background-repeat":"repeat","background-position":"center center","background-size":"auto","background-attachment":"scroll","background-type":"","background-media":"","overlay-type":"","overlay-color":"","overlay-opacity":"","overlay-gradient":""},"mobile":{"background-color":"var(--ast-global-color-4)","background-image":"","background-repeat":"repeat","background-position":"center center","background-size":"auto","background-attachment":"scroll","background-type":"","background-media":"","overlay-type":"","overlay-color":"","overlay-opacity":"","overlay-gradient":""}},"footnotes":""},"class_list":["post-31","page","type-page","status-publish","hentry"],"aioseo_notices":[],"_links":{"self":[{"href":"https:\/\/elinakivinukk.ee\/en\/wp-json\/wp\/v2\/pages\/31","targetHints":{"allow":["GET"]}}],"collection":[{"href":"https:\/\/elinakivinukk.ee\/en\/wp-json\/wp\/v2\/pages"}],"about":[{"href":"https:\/\/elinakivinukk.ee\/en\/wp-json\/wp\/v2\/types\/page"}],"author":[{"embeddable":true,"href":"https:\/\/elinakivinukk.ee\/en\/wp-json\/wp\/v2\/users\/1"}],"replies":[{"embeddable":true,"href":"https:\/\/elinakivinukk.ee\/en\/wp-json\/wp\/v2\/comments?post=31"}],"version-history":[{"count":9,"href":"https:\/\/elinakivinukk.ee\/en\/wp-json\/wp\/v2\/pages\/31\/revisions"}],"predecessor-version":[{"id":137,"href":"https:\/\/elinakivinukk.ee\/en\/wp-json\/wp\/v2\/pages\/31\/revisions\/137"}],"wp:attachment":[{"href":"https:\/\/elinakivinukk.ee\/en\/wp-json\/wp\/v2\/media?parent=31"}],"curies":[{"name":"wp","href":"https:\/\/api.w.org\/{rel}","templated":true}]}}